{"id":87,"date":"2022-09-26T19:43:11","date_gmt":"2022-09-26T19:43:11","guid":{"rendered":"https:\/\/www.saeis.fr\/wp\/?page_id=87"},"modified":"2022-09-28T07:37:04","modified_gmt":"2022-09-28T07:37:04","slug":"securite","status":"publish","type":"page","link":"https:\/\/www.saeis.fr\/wp\/securite\/","title":{"rendered":"S\u00e9curit\u00e9"},"content":{"rendered":"\n<div class=\"inherit-container-width wp-block-group alignfull is-layout-constrained wp-block-group-is-layout-constrained\"><div class=\"wp-block-group__inner-container\">\n<h2 class=\"wp-block-heading\">Stockage des donn\u00e9es et gestion des acc\u00e8s<\/h2>\n\n\n\n<figure class=\"wp-block-image size-large\"><img decoding=\"async\" src=\"https:\/\/www.saeis.fr\/wp\/wp-content\/uploads\/2022\/09\/Pre\u0301sentation-sans-titre.svg\" alt=\"\" class=\"wp-image-90\"\/><\/figure>\n<\/div><\/div>\n\n\n\n<div class=\"inherit-container-width wp-block-group alignfull is-layout-constrained wp-block-group-is-layout-constrained\"><div class=\"wp-block-group__inner-container\">\n<h2 class=\"wp-block-heading\">Process de traitement des donn\u00e9es<\/h2>\n\n\n\n<figure class=\"wp-block-image size-large\"><img decoding=\"async\" src=\"https:\/\/www.saeis.fr\/wp\/wp-content\/uploads\/2022\/09\/Pre\u0301sentation-sans-titre-1.svg\" alt=\"\" class=\"wp-image-92\"\/><\/figure>\n<\/div><\/div>\n","protected":false},"excerpt":{"rendered":"<p>Stockage des donn\u00e9es et gestion des acc\u00e8s Process de traitement des donn\u00e9es<\/p>\n","protected":false},"author":1,"featured_media":0,"parent":0,"menu_order":0,"comment_status":"closed","ping_status":"closed","template":"","meta":{"inline_featured_image":false,"site-sidebar-layout":"default","site-content-layout":"default","ast-global-header-display":"","ast-main-header-display":"","ast-hfb-above-header-display":"","ast-hfb-below-header-display":"","ast-hfb-mobile-header-display":"","site-post-title":"","ast-breadcrumbs-content":"","ast-featured-img":"","footer-sml-layout":"","theme-transparent-header-meta":"","adv-header-id-meta":"","stick-header-meta":"","header-above-stick-meta":"","header-main-stick-meta":"","header-below-stick-meta":"","footnotes":""},"class_list":["post-87","page","type-page","status-publish","hentry"],"uagb_featured_image_src":{"full":false,"thumbnail":false,"medium":false,"medium_large":false,"large":false,"1536x1536":false,"2048x2048":false},"uagb_author_info":{"display_name":"admin","author_link":"https:\/\/www.saeis.fr\/wp\/author\/adminsaeis\/"},"uagb_comment_info":0,"uagb_excerpt":"Stockage des donn\u00e9es et gestion des acc\u00e8s Process de traitement des donn\u00e9es","_links":{"self":[{"href":"https:\/\/www.saeis.fr\/wp\/wp-json\/wp\/v2\/pages\/87","targetHints":{"allow":["GET"]}}],"collection":[{"href":"https:\/\/www.saeis.fr\/wp\/wp-json\/wp\/v2\/pages"}],"about":[{"href":"https:\/\/www.saeis.fr\/wp\/wp-json\/wp\/v2\/types\/page"}],"author":[{"embeddable":true,"href":"https:\/\/www.saeis.fr\/wp\/wp-json\/wp\/v2\/users\/1"}],"replies":[{"embeddable":true,"href":"https:\/\/www.saeis.fr\/wp\/wp-json\/wp\/v2\/comments?post=87"}],"version-history":[{"count":6,"href":"https:\/\/www.saeis.fr\/wp\/wp-json\/wp\/v2\/pages\/87\/revisions"}],"predecessor-version":[{"id":96,"href":"https:\/\/www.saeis.fr\/wp\/wp-json\/wp\/v2\/pages\/87\/revisions\/96"}],"wp:attachment":[{"href":"https:\/\/www.saeis.fr\/wp\/wp-json\/wp\/v2\/media?parent=87"}],"curies":[{"name":"wp","href":"https:\/\/api.w.org\/{rel}","templated":true}]}}