{"id":24,"date":"2022-07-20T20:14:51","date_gmt":"2022-07-20T20:14:51","guid":{"rendered":"https:\/\/www.saeis.fr\/wp\/?page_id=24"},"modified":"2022-09-28T12:26:47","modified_gmt":"2022-09-28T12:26:47","slug":"fonctionnalites","status":"publish","type":"page","link":"https:\/\/www.saeis.fr\/wp\/fonctionnalites\/","title":{"rendered":"Fonctionnalit\u00e9s"},"content":{"rendered":"\n<div class=\"inherit-container-width wp-block-group is-layout-constrained wp-block-group-is-layout-constrained\"><div class=\"wp-block-group__inner-container\">\n<p>SAEIS fonctionne par modules.<\/p>\n\n\n\n<ul class=\"wp-block-list\"><li>Module 0 : gestion des salari\u00e9s<\/li><li>Module 1 : envoi de SMS<\/li><li>Module 2 : sondages<\/li><li>Module 3 : gestion des affectations aux roulements<\/li><li>Module 4 : d\u00e9l\u00e9gations des IRP<\/li><li>Module 5 : proc\u00e9dures disciplinaires<\/li><li>Module 6 : gestion \u00e9lectronique des documents des salari\u00e9s<\/li><li>Module 7 : g\u00e9n\u00e9ration automatique des courriers<\/li><\/ul>\n<\/div><\/div>\n\n\n\n<div class=\"inherit-container-width wp-block-group alignfull is-layout-constrained wp-block-group-is-layout-constrained\"><div class=\"wp-block-group__inner-container\">\n<h2 class=\"wp-block-heading\">Envoi de SMS<\/h2>\n\n\n\n<div class=\"wp-block-columns is-layout-flex wp-container-core-columns-is-layout-28f84493 wp-block-columns-is-layout-flex\">\n<div class=\"wp-block-column is-layout-flow wp-block-column-is-layout-flow\">\n<figure class=\"wp-block-image size-large\"><img loading=\"lazy\" decoding=\"async\" width=\"1024\" height=\"777\" src=\"https:\/\/www.saeis.fr\/wp\/wp-content\/uploads\/2022\/09\/Capture-de\u0301cran-2022-09-26-a\u0300-13.51.20-1024x777.png\" alt=\"\" class=\"wp-image-58\" srcset=\"https:\/\/www.saeis.fr\/wp\/wp-content\/uploads\/2022\/09\/Capture-de\u0301cran-2022-09-26-a\u0300-13.51.20-1024x777.png 1024w, https:\/\/www.saeis.fr\/wp\/wp-content\/uploads\/2022\/09\/Capture-de\u0301cran-2022-09-26-a\u0300-13.51.20-300x228.png 300w, https:\/\/www.saeis.fr\/wp\/wp-content\/uploads\/2022\/09\/Capture-de\u0301cran-2022-09-26-a\u0300-13.51.20-768x583.png 768w, https:\/\/www.saeis.fr\/wp\/wp-content\/uploads\/2022\/09\/Capture-de\u0301cran-2022-09-26-a\u0300-13.51.20.png 1038w\" sizes=\"auto, (max-width: 1024px) 100vw, 1024px\" \/><\/figure>\n<\/div>\n\n\n\n<div class=\"wp-block-column is-layout-flow wp-block-column-is-layout-flow\">\n<div class=\"inherit-container-width wp-block-group has-ast-global-color-5-color has-vivid-cyan-blue-background-color has-text-color has-background is-layout-constrained wp-container-core-group-is-layout-1376b720 wp-block-group-is-layout-constrained\" style=\"border-radius:5px;padding-top:20px;padding-right:20px;padding-bottom:20px;padding-left:20px\"><div class=\"wp-block-group__inner-container\">\n<p class=\"has-ast-global-color-5-color has-text-color\">Int\u00e9r\u00eats de ce moyen de communication :<\/p>\n\n\n\n<ul class=\"has-ast-global-color-5-color has-text-color wp-block-list\"><li>Imm\u00e9diatet\u00e9<\/li><li>Pas besoin d&rsquo;application<\/li><li>Compatible tout t\u00e9l\u00e9phone<\/li><\/ul>\n\n\n\n<p class=\"has-ast-global-color-5-color has-text-color\">Avantages SAEIS :<\/p>\n\n\n\n<ul class=\"has-ast-global-color-5-color has-text-color wp-block-list\"><li>Enregistrement de l&rsquo;historique =&gt; contr\u00f4le des communications sortantes<\/li><li>Rapports de r\u00e9ception<\/li><li>Cr\u00e9ation de listes de diffusion<\/li><\/ul>\n<\/div><\/div>\n<\/div>\n<\/div>\n<\/div><\/div>\n\n\n\n<div class=\"inherit-container-width wp-block-group alignfull is-layout-constrained wp-block-group-is-layout-constrained\"><div class=\"wp-block-group__inner-container\">\n<h2 class=\"wp-block-heading\">Sondages<\/h2>\n\n\n\n<div class=\"wp-block-columns is-layout-flex wp-container-core-columns-is-layout-28f84493 wp-block-columns-is-layout-flex\">\n<div class=\"wp-block-column is-layout-flow wp-block-column-is-layout-flow\">\n<figure class=\"wp-block-image aligncenter size-full is-resized\"><img loading=\"lazy\" decoding=\"async\" src=\"https:\/\/www.saeis.fr\/wp\/wp-content\/uploads\/2022\/09\/Capture-de\u0301cran-2022-09-26-a\u0300-13.58.54.png\" alt=\"\" class=\"wp-image-61\" width=\"224\" height=\"291\" srcset=\"https:\/\/www.saeis.fr\/wp\/wp-content\/uploads\/2022\/09\/Capture-de\u0301cran-2022-09-26-a\u0300-13.58.54.png 514w, https:\/\/www.saeis.fr\/wp\/wp-content\/uploads\/2022\/09\/Capture-de\u0301cran-2022-09-26-a\u0300-13.58.54-230x300.png 230w\" sizes=\"auto, (max-width: 224px) 100vw, 224px\" \/><\/figure>\n<\/div>\n\n\n\n<div class=\"wp-block-column is-layout-flow wp-block-column-is-layout-flow\">\n<div class=\"inherit-container-width wp-block-group has-vivid-cyan-blue-background-color has-background is-layout-constrained wp-container-core-group-is-layout-1376b720 wp-block-group-is-layout-constrained\" style=\"border-radius:5px;padding-top:20px;padding-right:20px;padding-bottom:20px;padding-left:20px\"><div class=\"wp-block-group__inner-container\">\n<p class=\"has-ast-global-color-5-color has-text-color\">Int\u00e9r\u00eats de ce moyen de communication :<\/p>\n\n\n\n<ul class=\"has-ast-global-color-5-color has-text-color wp-block-list\"><li>Pas besoin d&rsquo;application<\/li><li>Compatible tout smartphone<\/li><li>Permet de consulter massivement et directement le personnel<\/li><\/ul>\n\n\n\n<p class=\"has-ast-global-color-5-color has-text-color\"><strong>Cas d&rsquo;usage sur une soci\u00e9t\u00e9 en IDF :<\/strong><br>Sonder le personnel sur les modifications de r\u00e8gles d&rsquo;affectation de roulement.<br>\u27a1\ufe0f Les r\u00e9sultats du sondage ont permis de contre-balancer l&rsquo;avis des IRP<\/p>\n<\/div><\/div>\n<\/div>\n<\/div>\n<\/div><\/div>\n\n\n\n<div class=\"inherit-container-width wp-block-group alignfull is-layout-constrained wp-block-group-is-layout-constrained\"><div class=\"wp-block-group__inner-container\">\n<h2 class=\"wp-block-heading\">Affectation aux roulements<\/h2>\n\n\n\n<div class=\"inherit-container-width wp-block-group is-layout-constrained wp-container-core-group-is-layout-e9268dd4 wp-block-group-is-layout-constrained\" style=\"padding-top:10px;padding-left:10px\"><div class=\"wp-block-group__inner-container\">\n<p>Outil de management permettant de challenger les conducteurs sur des objectifs individuels (absent\u00e9isme, accidentologie, r\u00e9gularit\u00e9, \u2026) pour leur permettre de choisir pr\u00e9f\u00e9rentiellement un roulement.<\/p>\n\n\n\n<p>\u27a1\ufe0f Syst\u00e8me vertueux permettant d\u2019am\u00e9liorer les conditions de travail au m\u00e9rite<\/p>\n\n\n\n<p>\u27a1\ufe0f Syst\u00e8me juste et objectif : les r\u00e9sultat sont affich\u00e9s, la r\u00e8gle est la m\u00eame pour tout le monde<\/p>\n\n\n\n<p>\u27a1\ufe0f G\u00e9n\u00e9ration des affectation au grilles de roulement automatique \u21d2 gain de temps pour l\u2019exploitant<\/p>\n<\/div><\/div>\n\n\n\n<div class=\"inherit-container-width wp-block-group has-ast-global-color-5-color has-vivid-cyan-blue-background-color has-text-color has-background is-layout-constrained wp-container-core-group-is-layout-1376b720 wp-block-group-is-layout-constrained\" style=\"border-radius:5px;padding-top:20px;padding-right:20px;padding-bottom:20px;padding-left:20px\"><div class=\"wp-block-group__inner-container\">\n<p class=\"has-ast-global-color-5-color has-text-color\">Que permet la solution ?<\/p>\n\n\n\n<ol class=\"has-ast-global-color-5-color has-text-color wp-block-list\"><li>Saisir les r\u00e9sultats individuels des conducteurs (import fichier CSV)<\/li><li>D\u00e9finir le poids de chaque indicateur<\/li><li>G\u00e9n\u00e9rer une note par p\u00e9riode et un classement<\/li><li>Permettre \u00e0 chaque conducteur de saisir ses voeux depuis son t\u00e9l\u00e9phone<\/li><li>Affectation automatique aux grilles de roulement<\/li><\/ol>\n<\/div><\/div>\n<\/div><\/div>\n\n\n\n<div class=\"inherit-container-width wp-block-group is-layout-constrained wp-block-group-is-layout-constrained\"><div class=\"wp-block-group__inner-container\">\n<h2 class=\"wp-block-heading\">Gestion documentaire<\/h2>\n\n\n\n<div class=\"wp-block-columns is-layout-flex wp-container-core-columns-is-layout-28f84493 wp-block-columns-is-layout-flex\">\n<div class=\"wp-block-column is-vertically-aligned-center is-layout-flow wp-block-column-is-layout-flow\" style=\"flex-basis:20%\">\n<p class=\"has-text-align-center\">Le salari\u00e9 scanne son document avec son smartphone<\/p>\n<\/div>\n\n\n\n<div class=\"wp-block-column is-layout-flow wp-block-column-is-layout-flow\" style=\"flex-basis:6%\"><\/div>\n\n\n\n<div class=\"wp-block-column is-vertically-aligned-center is-layout-flow wp-block-column-is-layout-flow\" style=\"flex-basis:20%\">\n<p class=\"has-text-align-center\">Le manager re\u00e7oit le document par mail<\/p>\n<\/div>\n\n\n\n<div class=\"wp-block-column is-layout-flow wp-block-column-is-layout-flow\" style=\"flex-basis:6%\"><\/div>\n\n\n\n<div class=\"wp-block-column is-vertically-aligned-center is-layout-flow wp-block-column-is-layout-flow\" style=\"flex-basis:20%\">\n<p class=\"has-text-align-center\">Le document est enregistr\u00e9 avec son type et sa date d&rsquo;\u00e9ch\u00e9ance<\/p>\n<\/div>\n\n\n\n<div class=\"wp-block-column is-layout-flow wp-block-column-is-layout-flow\" style=\"flex-basis:6%\"><\/div>\n\n\n\n<div class=\"wp-block-column is-vertically-aligned-center is-layout-flow wp-block-column-is-layout-flow\" style=\"flex-basis:20%\">\n<p class=\"has-text-align-center\">Le syst\u00e8me contr\u00f4le la pr\u00e9sence et la date d&rsquo;\u00e9ch\u00e9ance des documents<\/p>\n<\/div>\n<\/div>\n\n\n\n<div class=\"wp-block-columns is-layout-flex wp-container-core-columns-is-layout-28f84493 wp-block-columns-is-layout-flex\">\n<div class=\"wp-block-column is-vertically-aligned-center is-layout-flow wp-block-column-is-layout-flow\" style=\"flex-basis:20%\">\n<figure class=\"wp-block-image size-full\"><img loading=\"lazy\" decoding=\"async\" width=\"164\" height=\"198\" src=\"https:\/\/www.saeis.fr\/wp\/wp-content\/uploads\/2022\/09\/Capture-de\u0301cran-2022-09-26-a\u0300-14.06.50.png\" alt=\"\" class=\"wp-image-66\"\/><\/figure>\n<\/div>\n\n\n\n<div class=\"wp-block-column is-vertically-aligned-center is-layout-flow wp-block-column-is-layout-flow\" style=\"flex-basis:6%\">\n<p class=\"has-text-align-center has-x-large-font-size\">\u27a1\ufe0f<\/p>\n<\/div>\n\n\n\n<div class=\"wp-block-column is-vertically-aligned-center is-layout-flow wp-block-column-is-layout-flow\" style=\"flex-basis:20%\">\n<figure class=\"wp-block-image size-full\"><img loading=\"lazy\" decoding=\"async\" width=\"184\" height=\"138\" src=\"https:\/\/www.saeis.fr\/wp\/wp-content\/uploads\/2022\/09\/Capture-de\u0301cran-2022-09-26-a\u0300-14.06.59.png\" alt=\"\" class=\"wp-image-65\"\/><\/figure>\n<\/div>\n\n\n\n<div class=\"wp-block-column is-vertically-aligned-center is-layout-flow wp-block-column-is-layout-flow\" style=\"flex-basis:6%\">\n<p class=\"has-text-align-center has-x-large-font-size\">\u27a1\ufe0f<\/p>\n<\/div>\n\n\n\n<div class=\"wp-block-column is-vertically-aligned-center is-layout-flow wp-block-column-is-layout-flow\" style=\"flex-basis:20%\">\n<figure class=\"wp-block-image size-full\"><img loading=\"lazy\" decoding=\"async\" width=\"210\" height=\"210\" src=\"https:\/\/www.saeis.fr\/wp\/wp-content\/uploads\/2022\/09\/Capture-de\u0301cran-2022-09-26-a\u0300-14.07.12.png\" alt=\"\" class=\"wp-image-64\" srcset=\"https:\/\/www.saeis.fr\/wp\/wp-content\/uploads\/2022\/09\/Capture-de\u0301cran-2022-09-26-a\u0300-14.07.12.png 210w, https:\/\/www.saeis.fr\/wp\/wp-content\/uploads\/2022\/09\/Capture-de\u0301cran-2022-09-26-a\u0300-14.07.12-150x150.png 150w\" sizes=\"auto, (max-width: 210px) 100vw, 210px\" \/><\/figure>\n<\/div>\n\n\n\n<div class=\"wp-block-column is-vertically-aligned-center is-layout-flow wp-block-column-is-layout-flow\" style=\"flex-basis:6%\">\n<p class=\"has-text-align-center has-x-large-font-size\">\u27a1\ufe0f<\/p>\n<\/div>\n\n\n\n<div class=\"wp-block-column is-vertically-aligned-center is-layout-flow wp-block-column-is-layout-flow\" style=\"flex-basis:20%\">\n<figure class=\"wp-block-image size-full\"><img loading=\"lazy\" decoding=\"async\" width=\"244\" height=\"240\" src=\"https:\/\/www.saeis.fr\/wp\/wp-content\/uploads\/2022\/09\/Capture-de\u0301cran-2022-09-26-a\u0300-14.07.27.png\" alt=\"\" class=\"wp-image-63\"\/><\/figure>\n<\/div>\n<\/div>\n\n\n\n<div class=\"wp-block-columns is-layout-flex wp-container-core-columns-is-layout-28f84493 wp-block-columns-is-layout-flex\">\n<div class=\"wp-block-column is-vertically-aligned-center is-layout-flow wp-block-column-is-layout-flow\" style=\"flex-basis:33%\">\n<p class=\"has-text-align-center has-x-large-font-size\">\u2196\ufe0f<\/p>\n<\/div>\n\n\n\n<div class=\"wp-block-column is-vertically-aligned-center is-layout-flow wp-block-column-is-layout-flow\" style=\"flex-basis:33%\">\n<figure class=\"wp-block-image aligncenter size-full is-resized\"><img loading=\"lazy\" decoding=\"async\" src=\"https:\/\/www.saeis.fr\/wp\/wp-content\/uploads\/2022\/09\/Capture-de\u0301cran-2022-09-26-a\u0300-14.06.59.png\" alt=\"\" class=\"wp-image-65\" width=\"144\" height=\"108\"\/><\/figure>\n<\/div>\n\n\n\n<div class=\"wp-block-column is-vertically-aligned-center is-layout-flow wp-block-column-is-layout-flow\" style=\"flex-basis:33%\">\n<p class=\"has-text-align-center has-x-large-font-size\">\u2199\ufe0f<\/p>\n<\/div>\n<\/div>\n<\/div><\/div>\n\n\n\n<div class=\"inherit-container-width wp-block-group is-layout-constrained wp-block-group-is-layout-constrained\"><div class=\"wp-block-group__inner-container\">\n<h2 class=\"wp-block-heading\">Disciplinaire<\/h2>\n\n\n\n<div class=\"wp-block-columns is-layout-flex wp-container-core-columns-is-layout-28f84493 wp-block-columns-is-layout-flex\">\n<div class=\"wp-block-column is-layout-flow wp-block-column-is-layout-flow\" style=\"flex-basis:66.66%\">\n<div class=\"wp-block-columns is-layout-flex wp-container-core-columns-is-layout-28f84493 wp-block-columns-is-layout-flex\">\n<div class=\"wp-block-column is-layout-flow wp-block-column-is-layout-flow\">\n<p class=\"has-text-align-center has-ast-global-color-5-color has-luminous-vivid-amber-background-color has-text-color has-background\">Salari\u00e9<\/p>\n<\/div>\n\n\n\n<div class=\"wp-block-column is-layout-flow wp-block-column-is-layout-flow\">\n<p class=\"has-text-align-center has-ast-global-color-5-color has-vivid-cyan-blue-background-color has-text-color has-background\">Manager<\/p>\n<\/div>\n\n\n\n<div class=\"wp-block-column is-layout-flow wp-block-column-is-layout-flow\">\n<p class=\"has-text-align-center has-ast-global-color-5-color has-vivid-green-cyan-background-color has-text-color has-background\">RH<\/p>\n<\/div>\n<\/div>\n\n\n\n<div class=\"wp-block-columns is-layout-flex wp-container-core-columns-is-layout-28f84493 wp-block-columns-is-layout-flex\">\n<div class=\"wp-block-column is-layout-flow wp-block-column-is-layout-flow\">\n<p class=\"has-text-align-center has-background\" style=\"background-color:#fcb90029\">G\u00e9n\u00e8re des faits fautifs<br>Fait l&rsquo;objet d&rsquo;une proc\u00e9dure<br>Se pr\u00e9sente ou non \u00e0 l&rsquo;entretien<br>Se voit infliger une sanction<\/p>\n<\/div>\n\n\n\n<div class=\"wp-block-column is-layout-flow wp-block-column-is-layout-flow\">\n<p class=\"has-text-align-center has-background\" style=\"background-color:#0792e32e\">M\u00e8ne l&rsquo;entretien et r\u00e9alise un acte manag\u00e9rial<\/p>\n<\/div>\n\n\n\n<div class=\"wp-block-column is-layout-flow wp-block-column-is-layout-flow\">\n<p class=\"has-text-align-center has-background\" style=\"background-color:#00d18429\">S&rsquo;assure de la conformit\u00e9 et r\u00e9dige la sanction<\/p>\n<\/div>\n<\/div>\n<\/div>\n\n\n\n<div class=\"wp-block-column is-layout-flow wp-block-column-is-layout-flow\" style=\"flex-basis:33.33%\">\n<p><strong>SAEIS<\/strong> permet de :<\/p>\n\n\n\n<ul class=\"wp-block-list\"><li>Formaliser les faits fautifs<\/li><li>Lier salari\u00e9 \/ fait \/ proc\u00e9dure \/ sanction<\/li><li>Partager l&rsquo;information entre le d\u00e9clarant du fait fautif, le manager et le RH<\/li><li>S&rsquo;assurer de la confidentialit\u00e9 des donn\u00e9es en g\u00e9rant l&rsquo;acc\u00e8s par profil<\/li><li>S&rsquo;assurer de la r\u00e9gularit\u00e9 des proc\u00e9dures (d\u00e9lais)<\/li><li>Retrouver l&rsquo;historique par salari\u00e9<\/li><\/ul>\n<\/div>\n<\/div>\n<\/div><\/div>\n\n\n\n<div class=\"inherit-container-width wp-block-group is-layout-constrained wp-block-group-is-layout-constrained\"><div class=\"wp-block-group__inner-container\">\n<h2 class=\"wp-block-heading\">D\u00e9l\u00e9gations<\/h2>\n\n\n\n<div class=\"wp-block-columns is-layout-flex wp-container-core-columns-is-layout-28f84493 wp-block-columns-is-layout-flex\">\n<div class=\"wp-block-column is-vertically-aligned-center is-layout-flow wp-block-column-is-layout-flow\" style=\"flex-basis:30%\">\n<p class=\"has-text-align-center\">L&rsquo;IRP envoie sa d\u00e9claration de d\u00e9l\u00e9gation par SMS \u00e0 un num\u00e9ro d\u00e9di\u00e9<\/p>\n<\/div>\n\n\n\n<div class=\"wp-block-column is-layout-flow wp-block-column-is-layout-flow\" style=\"flex-basis:5%\"><\/div>\n\n\n\n<div class=\"wp-block-column is-vertically-aligned-center is-layout-flow wp-block-column-is-layout-flow\" style=\"flex-basis:30%\">\n<p class=\"has-text-align-center\">Les services concern\u00e9s (planning, exploit, &#8230;) sont notifi\u00e9s imm\u00e9diatement par mail<\/p>\n<\/div>\n\n\n\n<div class=\"wp-block-column is-layout-flow wp-block-column-is-layout-flow\" style=\"flex-basis:5%\"><\/div>\n\n\n\n<div class=\"wp-block-column is-vertically-aligned-center is-layout-flow wp-block-column-is-layout-flow\" style=\"flex-basis:30%\">\n<p class=\"has-text-align-center\">Les d\u00e9clarations de d\u00e9l\u00e9gations sont horodat\u00e9es et consign\u00e9es dans un registre<\/p>\n<\/div>\n<\/div>\n\n\n\n<div class=\"wp-block-columns is-layout-flex wp-container-core-columns-is-layout-28f84493 wp-block-columns-is-layout-flex\">\n<div class=\"wp-block-column is-vertically-aligned-center is-layout-flow wp-block-column-is-layout-flow\" style=\"flex-basis:30%\">\n<figure class=\"wp-block-image aligncenter size-full is-resized\"><img loading=\"lazy\" decoding=\"async\" src=\"https:\/\/www.saeis.fr\/wp\/wp-content\/uploads\/2022\/09\/Capture-de\u0301cran-2022-09-26-a\u0300-20.12.58.png\" alt=\"\" class=\"wp-image-67\" width=\"140\" height=\"127\"\/><\/figure>\n<\/div>\n\n\n\n<div class=\"wp-block-column is-vertically-aligned-center is-layout-flow wp-block-column-is-layout-flow\" style=\"flex-basis:5%\">\n<p class=\"has-text-align-center has-large-font-size\">\u27a1\ufe0f<\/p>\n<\/div>\n\n\n\n<div class=\"wp-block-column is-vertically-aligned-center is-layout-flow wp-block-column-is-layout-flow\" style=\"flex-basis:30%\">\n<figure class=\"wp-block-image aligncenter size-full is-resized\"><img loading=\"lazy\" decoding=\"async\" src=\"https:\/\/www.saeis.fr\/wp\/wp-content\/uploads\/2022\/09\/Capture-de\u0301cran-2022-09-26-a\u0300-14.06.59.png\" alt=\"\" class=\"wp-image-65\" width=\"124\" height=\"93\"\/><\/figure>\n<\/div>\n\n\n\n<div class=\"wp-block-column is-vertically-aligned-center is-layout-flow wp-block-column-is-layout-flow\" style=\"flex-basis:5%\">\n<p class=\"has-text-align-center has-large-font-size\">\u27a1\ufe0f<\/p>\n<\/div>\n\n\n\n<div class=\"wp-block-column is-vertically-aligned-center is-layout-flow wp-block-column-is-layout-flow\" style=\"flex-basis:30%\">\n<figure class=\"wp-block-image aligncenter size-full is-resized\"><img loading=\"lazy\" decoding=\"async\" src=\"https:\/\/www.saeis.fr\/wp\/wp-content\/uploads\/2022\/09\/Capture-de\u0301cran-2022-09-26-a\u0300-20.13.08.png\" alt=\"\" class=\"wp-image-68\" width=\"116\" height=\"137\"\/><\/figure>\n<\/div>\n<\/div>\n\n\n\n<div class=\"inherit-container-width wp-block-group has-vivid-cyan-blue-background-color has-background is-layout-constrained wp-container-core-group-is-layout-1376b720 wp-block-group-is-layout-constrained\" style=\"border-radius:5px;padding-top:20px;padding-right:20px;padding-bottom:20px;padding-left:20px\"><div class=\"wp-block-group__inner-container\">\n<p class=\"has-ast-global-color-5-color has-text-color\">SAEIS permet de :<\/p>\n\n\n\n<ul class=\"has-ast-global-color-5-color has-text-color wp-block-list\"><li>D\u00e9mat\u00e9rialiser la d\u00e9claration de d\u00e9l\u00e9gation tout en obligeant \u00e0 la formaliser<\/li><li>S&rsquo;assurer de la parfaite et imm\u00e9diate diffusion de l&rsquo;information<\/li><li>Tracer l&rsquo;historique des d\u00e9l\u00e9gations par IRP<\/li><\/ul>\n<\/div><\/div>\n<\/div><\/div>\n\n\n\n<div class=\"inherit-container-width wp-block-group is-layout-constrained wp-block-group-is-layout-constrained\"><div class=\"wp-block-group__inner-container\">\n<h2 class=\"wp-block-heading\">G\u00e9n\u00e9ration de courirers<\/h2>\n\n\n\n<div class=\"wp-block-columns is-layout-flex wp-container-core-columns-is-layout-28f84493 wp-block-columns-is-layout-flex\">\n<div class=\"wp-block-column is-vertically-aligned-center is-layout-flow wp-block-column-is-layout-flow\" style=\"flex-basis:30%\">\n<p class=\"has-text-align-center\">Le RH cr\u00e9e une trame de courrier<\/p>\n<\/div>\n\n\n\n<div class=\"wp-block-column is-layout-flow wp-block-column-is-layout-flow\" style=\"flex-basis:5%\"><\/div>\n\n\n\n<div class=\"wp-block-column is-vertically-aligned-center is-layout-flow wp-block-column-is-layout-flow\" style=\"flex-basis:30%\">\n<p class=\"has-text-align-center\">Le manager ouvre une trame et compl\u00e8te les champs personnalisables<\/p>\n<\/div>\n\n\n\n<div class=\"wp-block-column is-layout-flow wp-block-column-is-layout-flow\" style=\"flex-basis:5%\"><\/div>\n\n\n\n<div class=\"wp-block-column is-vertically-aligned-center is-layout-flow wp-block-column-is-layout-flow\" style=\"flex-basis:30%\">\n<p class=\"has-text-align-center\">Le courrier est g\u00e9n\u00e9r\u00e9 avec les informations saisies et les informations stock\u00e9es dans la base de donn\u00e9es<\/p>\n<\/div>\n<\/div>\n\n\n\n<div class=\"wp-block-columns is-layout-flex wp-container-core-columns-is-layout-28f84493 wp-block-columns-is-layout-flex\">\n<div class=\"wp-block-column is-vertically-aligned-center is-layout-flow wp-block-column-is-layout-flow\" style=\"flex-basis:30%\">\n<figure class=\"wp-block-image aligncenter size-full is-resized\"><img loading=\"lazy\" decoding=\"async\" src=\"https:\/\/www.saeis.fr\/wp\/wp-content\/uploads\/2022\/09\/Capture-de\u0301cran-2022-09-26-a\u0300-20.59.46.png\" alt=\"\" class=\"wp-image-71\" width=\"70\" height=\"83\"\/><\/figure>\n<\/div>\n\n\n\n<div class=\"wp-block-column is-vertically-aligned-center is-layout-flow wp-block-column-is-layout-flow\" style=\"flex-basis:5%\">\n<p class=\"has-text-align-center has-large-font-size\">\u27a1\ufe0f<\/p>\n<\/div>\n\n\n\n<div class=\"wp-block-column is-vertically-aligned-center is-layout-flow wp-block-column-is-layout-flow\" style=\"flex-basis:30%\">\n<figure class=\"wp-block-image aligncenter size-full is-resized\"><img loading=\"lazy\" decoding=\"async\" src=\"https:\/\/www.saeis.fr\/wp\/wp-content\/uploads\/2022\/09\/Capture-de\u0301cran-2022-09-26-a\u0300-20.59.59.png\" alt=\"\" class=\"wp-image-70\" width=\"113\" height=\"103\"\/><\/figure>\n<\/div>\n\n\n\n<div class=\"wp-block-column is-vertically-aligned-center is-layout-flow wp-block-column-is-layout-flow\" style=\"flex-basis:5%\">\n<p class=\"has-text-align-center has-large-font-size\">\u27a1\ufe0f<\/p>\n<\/div>\n\n\n\n<div class=\"wp-block-column is-vertically-aligned-center is-layout-flow wp-block-column-is-layout-flow\" style=\"flex-basis:30%\">\n<figure class=\"wp-block-image aligncenter size-full is-resized\"><img loading=\"lazy\" decoding=\"async\" src=\"https:\/\/www.saeis.fr\/wp\/wp-content\/uploads\/2022\/09\/Capture-de\u0301cran-2022-09-26-a\u0300-21.00.08.png\" alt=\"\" class=\"wp-image-69\" width=\"69\" height=\"79\"\/><\/figure>\n<\/div>\n<\/div>\n\n\n\n<div class=\"inherit-container-width wp-block-group has-vivid-cyan-blue-background-color has-background is-layout-constrained wp-container-core-group-is-layout-1376b720 wp-block-group-is-layout-constrained\" style=\"border-radius:5px;padding-top:20px;padding-right:20px;padding-bottom:20px;padding-left:20px\"><div class=\"wp-block-group__inner-container\">\n<p class=\"has-ast-global-color-5-color has-text-color\">SAEIS permet de :<\/p>\n\n\n\n<ul class=\"has-ast-global-color-5-color has-text-color wp-block-list\"><li>Gagner du temps dans l&rsquo;\u00e9dition des courriers dont le mod\u00e8les est d\u00e9fini<\/li><li>S&rsquo;assurer de la conformit\u00e9 des courriers envoy\u00e9s<\/li><\/ul>\n<\/div><\/div>\n<\/div><\/div>\n","protected":false},"excerpt":{"rendered":"<p>SAEIS fonctionne par modules. Module 0 : gestion des salari\u00e9s Module 1 : envoi de SMS Module 2 : sondages Module 3 : gestion des affectations aux roulements Module 4 : d\u00e9l\u00e9gations des IRP Module 5 : proc\u00e9dures disciplinaires Module 6 : gestion \u00e9lectronique des documents des salari\u00e9s Module 7 : g\u00e9n\u00e9ration automatique des courriers &hellip;<\/p>\n<p class=\"read-more\"> <a class=\"\" href=\"https:\/\/www.saeis.fr\/wp\/fonctionnalites\/\"> <span class=\"screen-reader-text\">Fonctionnalit\u00e9s<\/span> Lire la suite\u00a0\u00bb<\/a><\/p>\n","protected":false},"author":1,"featured_media":0,"parent":0,"menu_order":0,"comment_status":"closed","ping_status":"closed","template":"","meta":{"inline_featured_image":false,"site-sidebar-layout":"default","site-content-layout":"default","ast-global-header-display":"","ast-main-header-display":"","ast-hfb-above-header-display":"","ast-hfb-below-header-display":"","ast-hfb-mobile-header-display":"","site-post-title":"","ast-breadcrumbs-content":"","ast-featured-img":"","footer-sml-layout":"","theme-transparent-header-meta":"","adv-header-id-meta":"","stick-header-meta":"","header-above-stick-meta":"","header-main-stick-meta":"","header-below-stick-meta":"","footnotes":""},"class_list":["post-24","page","type-page","status-publish","hentry"],"uagb_featured_image_src":{"full":false,"thumbnail":false,"medium":false,"medium_large":false,"large":false,"1536x1536":false,"2048x2048":false},"uagb_author_info":{"display_name":"admin","author_link":"https:\/\/www.saeis.fr\/wp\/author\/adminsaeis\/"},"uagb_comment_info":0,"uagb_excerpt":"SAEIS fonctionne par modules. Module 0 : gestion des salari\u00e9s Module 1 : envoi de SMS Module 2 : sondages Module 3 : gestion des affectations aux roulements Module 4 : d\u00e9l\u00e9gations des IRP Module 5 : proc\u00e9dures disciplinaires Module 6 : gestion \u00e9lectronique des documents des salari\u00e9s Module 7 : g\u00e9n\u00e9ration automatique des courriers\u2026","_links":{"self":[{"href":"https:\/\/www.saeis.fr\/wp\/wp-json\/wp\/v2\/pages\/24","targetHints":{"allow":["GET"]}}],"collection":[{"href":"https:\/\/www.saeis.fr\/wp\/wp-json\/wp\/v2\/pages"}],"about":[{"href":"https:\/\/www.saeis.fr\/wp\/wp-json\/wp\/v2\/types\/page"}],"author":[{"embeddable":true,"href":"https:\/\/www.saeis.fr\/wp\/wp-json\/wp\/v2\/users\/1"}],"replies":[{"embeddable":true,"href":"https:\/\/www.saeis.fr\/wp\/wp-json\/wp\/v2\/comments?post=24"}],"version-history":[{"count":11,"href":"https:\/\/www.saeis.fr\/wp\/wp-json\/wp\/v2\/pages\/24\/revisions"}],"predecessor-version":[{"id":98,"href":"https:\/\/www.saeis.fr\/wp\/wp-json\/wp\/v2\/pages\/24\/revisions\/98"}],"wp:attachment":[{"href":"https:\/\/www.saeis.fr\/wp\/wp-json\/wp\/v2\/media?parent=24"}],"curies":[{"name":"wp","href":"https:\/\/api.w.org\/{rel}","templated":true}]}}